{"id":349247,"date":"2022-01-05T14:25:00","date_gmt":"2022-01-05T13:25:00","guid":{"rendered":"https:\/\/www.kamra.si\/o-albumu-slovenije\/"},"modified":"2025-09-16T10:30:16","modified_gmt":"2025-09-16T08:30:16","slug":"di-album-della-slovenia","status":"publish","type":"page","link":"https:\/\/www.kamra.si\/it\/di-album-della-slovenia\/","title":{"rendered":"Di Album della Slovenia"},"content":{"rendered":"\t\t<div data-elementor-type=\"wp-page\" data-elementor-id=\"349247\" class=\"elementor elementor-349247 elementor-30075\" data-elementor-post-type=\"page\">\n\t\t\t\t\t\t<section class=\"elementor-section elementor-top-section elementor-element elementor-element-ff85142 elementor-section-boxed elementor-section-height-default elementor-section-height-default\" data-id=\"ff85142\" data-element_type=\"section\" data-e-type=\"section\">\n\t\t\t\t\t\t<div class=\"elementor-container elementor-column-gap-default\">\n\t\t\t\t\t<div class=\"elementor-column elementor-col-100 elementor-top-column elementor-element elementor-element-7d5a545\" data-id=\"7d5a545\" data-element_type=\"column\" data-e-type=\"column\" data-settings=\"{&quot;background_background&quot;:&quot;classic&quot;}\">\n\t\t\t<div class=\"elementor-widget-wrap elementor-element-populated\">\n\t\t\t\t\t\t<div class=\"elementor-element elementor-element-ee1d561 elementor-widget elementor-widget-text-editor\" data-id=\"ee1d561\" data-element_type=\"widget\" data-e-type=\"widget\" data-widget_type=\"text-editor.default\">\n\t\t\t\t<div class=\"elementor-widget-container\">\n\t\t\t\t\t\t\t\t\t<div class=\"top-section\"><div class=\"top-section-title\"><h1>Album della Slovenia<\/h1><\/div><div class=\"top-section-button\"><a class=\"vce-button vce-action-link\" href=\"\/en\/prispevaj-vsebino-albuma-slovenije\/\">Aggiungi un ricordo<\/a><\/div><\/div>\t\t\t\t\t\t\t\t<\/div>\n\t\t\t\t<\/div>\n\t\t\t\t<div class=\"elementor-element elementor-element-3d00be7 elementor-widget elementor-widget-text-editor\" data-id=\"3d00be7\" data-element_type=\"widget\" data-e-type=\"widget\" data-widget_type=\"text-editor.default\">\n\t\t\t\t<div class=\"elementor-widget-container\">\n\t\t\t\t\t\t\t\t\t<p>La storia siamo noi. La scrivono gli storici, noi la viviamo e collaboriamo a costruirla: per questo le opinioni dei singoli sono cos\u00ec importanti nel descriverla e nel valutarla. L\u2019Album della Slovenia \u00e8 dedicato alla raccolta delle copie digitali di fotografie conservate negli album di famiglia, ma anche delle lettere, dei documenti e quant\u2019altro noi Sloveni, in patria, oltreconfine o emigrati, conserviamo gelosamente nelle nostre soffitte. Chiediamo la tua collaborazione perch\u00e9 questi ricordi non rimangano solo personali, perch\u00e9 non vadano perduti e per formare questo deposito di ricordi.<\/p><p>Il ventesimo secolo \u00e8 stato caratterizzato da guerre catastrofiche e da conflitti ideologici, ma anche da nuove idee e da nuove forme di collaborazione. Migliaia di storie slovene, di cambiamenti culturali, familiari, politici, urbani, architettonici e tecnologici, di esperienze personali e collettive nel frattempo hanno contribuito a formare il nuovo volto della Slovenia del ventunesimo secolo. Oggi \u00e8 tutto pi\u00f9 veloce ma anche pi\u00f9 superficiale, quindi \u00e8 giusto rilanciare e conoscere pi\u00f9 approfonditamente il nostro passato. Soprattutto in Slovenia, incrocio di culture e mondi diversi, \u00e8 importante conoscere le nostre radici e la storia della nostra crescita sociale, economica e culturale.<\/p><p>La collezione digitale degli utenti persegue questo scopo: \u00e8 dedicata alla raccolta delle copie digitali di fotografie conservate negli album di famiglia, ma anche delle lettere, dei documenti e quant\u2019altro noi Sloveni, in patria, oltreconfine o emigrati, conserviamo gelosamente nelle nostre soffitte. L\u2019Album della Slovenia comprende materiale originato in Slovenia, fornito dagli Sloveni oltreconfine e nel mondo, fino all\u2019epoca della fotografia digitale.<\/p><h2>Aggiungi il tuo ricordo!<\/h2><p>Chiediamo la tua collaborazione perch\u00e9 questi ricordi non rimangano solo personali, perch\u00e9 non vadano perduti e per formare l\u2019Album della Slovenia, tesoro collettivo dei ricordi del 20\u00b0 secolo. La procedura \u00e8 semplice: seleziona il men\u00f9 &#8220;Aggiungi ricordo&#8221; e nel modulo per l&#8217;aggiunta di contenuti aggiungi l\u2019oggetto digitale (foto, lettere, etc.) che desideri condividere. All\u2019oggetto inserito aggiungi i dati necessari per la descrizione (ad es. se si tratta di una foto, di una lettera, ecc.) e descrivi il tuo ricordo (ad es. in quale occasione \u00e8 stata scattata la foto, perch\u00e9 \u00e8 importante per te, chi \u00e8 nella foto, o cosa desideri evidenziare in relazione alla persona, all\u2019oggetto, al periodo o al luogo della foto). Dopo il controllo il materiale aggiunto verr\u00e0 pubblicato in rete.<\/p><p>Per aggiungere materiale nell\u2019Album della Slovenia, se sei gi\u00e0 registrato \u00e8 necessario effettuare l\u2019accesso; altrimenti bisogna registrarsi (solo la prima volta).<\/p><p><strong>Preparazione dei documenti e delle foto per la pubblicazione nell\u2019Album della Slovenia<\/strong><br \/>Consigliamo per le foto il formato .jpg. La dimensione consigliata del materiale fotografico \u00e8 di 1024 pixel per il lato lungo.<\/p><p><strong>Elenco dei formati supportati:<\/strong><br \/>Materiale fotografico: .ipg, .png (per le foto raccomandiamo .jpg, per altro materiale .png).<\/p><p>Se hai dei problemi, ti preghiamo di descriverli esattamente e di inviare un\u2019email a <a href=\"mailto:albumslovenije@kamra.si\">albumslovenije@kamra.si<\/a>.<\/p>\t\t\t\t\t\t\t\t<\/div>\n\t\t\t\t<\/div>\n\t\t\t\t\t<\/div>\n\t\t<\/div>\n\t\t\t\t\t<\/div>\n\t\t<\/section>\n\t\t\t\t<\/div>\n\t\t","protected":false},"excerpt":{"rendered":"<p>Album della Slovenia Aggiungi un ricordo La storia siamo noi. La scrivono gli storici, noi la viviamo e collaboriamo a costruirla: per questo le opinioni dei singoli sono cos\u00ec importanti nel descriverla e nel valutarla. L\u2019Album della Slovenia \u00e8 dedicato alla raccolta delle copie digitali di fotografie conservate negli album di famiglia, ma anche delle [&hellip;]<\/p>\n","protected":false},"author":2,"featured_media":0,"parent":0,"menu_order":0,"comment_status":"closed","ping_status":"closed","template":"elementor_header_footer","meta":{"_acf_changed":false,"footnotes":""},"class_list":["post-349247","page","type-page","status-publish","hentry"],"acf":[],"_links":{"self":[{"href":"https:\/\/www.kamra.si\/it\/wp-json\/wp\/v2\/pages\/349247","targetHints":{"allow":["GET"]}}],"collection":[{"href":"https:\/\/www.kamra.si\/it\/wp-json\/wp\/v2\/pages"}],"about":[{"href":"https:\/\/www.kamra.si\/it\/wp-json\/wp\/v2\/types\/page"}],"author":[{"embeddable":true,"href":"https:\/\/www.kamra.si\/it\/wp-json\/wp\/v2\/users\/2"}],"replies":[{"embeddable":true,"href":"https:\/\/www.kamra.si\/it\/wp-json\/wp\/v2\/comments?post=349247"}],"version-history":[{"count":33,"href":"https:\/\/www.kamra.si\/it\/wp-json\/wp\/v2\/pages\/349247\/revisions"}],"predecessor-version":[{"id":401393,"href":"https:\/\/www.kamra.si\/it\/wp-json\/wp\/v2\/pages\/349247\/revisions\/401393"}],"wp:attachment":[{"href":"https:\/\/www.kamra.si\/it\/wp-json\/wp\/v2\/media?parent=349247"}],"curies":[{"name":"wp","href":"https:\/\/api.w.org\/{rel}","templated":true}]}}