{"id":721,"date":"2021-11-11T08:45:37","date_gmt":"2021-11-11T07:45:37","guid":{"rendered":"https:\/\/www.kamra.si\/?page_id=721"},"modified":"2025-07-28T15:20:30","modified_gmt":"2025-07-28T13:20:30","slug":"izjava-o-dostopnosti","status":"publish","type":"page","link":"https:\/\/www.kamra.si\/hu\/izjava-o-dostopnosti\/","title":{"rendered":"Izjava o dostopnosti"},"content":{"rendered":"<div class=\"content item-content\">\n<p>Spletni portal KAMRA smo z dnem 9.9.2020 prilagodili tako, da je s pomo\u010djo razli\u010dnih nastavitev prilagoditve dostopen vsem obiskovalcem. Portal smo prilagodili v skladu z\u00a0<a href=\"http:\/\/www.pisrs.si\/Pis.web\/pregledPredpisa?sop=2018-01-1351\" target=\"_blank\" rel=\"noopener\">Zakonom o dostopnosti spleti\u0161\u010d in mobilnih aplikacij (ZDSMA)<\/a>.<\/p>\n<h2>Stopnja dostopnosti<\/h2>\n<p>Spletni portal KAMRA je prilagojen za vse naprave (ra\u010dunalnike, tablice in mobilne telefone). Prilagoditev se je izvedla s pomo\u010djo smernic srednjega nivoja AA (dvojni A) WCAG 2.0.<\/p>\n<h2>Dodatne funkcije spletnega portala<\/h2>\n<ul>\n<li>izbira kontrastne barvne sheme,<\/li>\n<li>izbira druge pisave in velikosti,<\/li>\n<li>izbira pisave za uporabnike z disleksijo,<\/li>\n<li>ve\u010dja velikost kurzorja mi\u0161ke,<\/li>\n<li>skok na glavno vsebino, ki je kot prva povezava dostopna s tabulatorjem na vseh straneh,<\/li>\n<li>pomik po meniju s smernimi tipkami ali tabulatorjem,<\/li>\n<li>prikaz trenutne lokacije tabulatorja,<\/li>\n<li>samodejni skok tabulatorja v pojavno okno,<\/li>\n<li>izhod iz pojavnega okna s tipko ESC.<\/li>\n<\/ul>\n<h2>Ocena nesorazmernega bremena<\/h2>\n<p>Osrednja knji\u017enica Celje kot upravitelj portala Kamra ocenjuje, da bi za ustanovo nastale finan\u010dne posledice, \u010de bi hoteli celotno vsebino spletne strani <a href=\"http:\/\/www.knjiznica-celje.si\">www.kamra.si<\/a> ustrezno prilagoditi (prevesti v znakovni jezik in\/ali opremiti s podnapisi ali druga\u010de ustrezno prilagoditi skladno z Zakonom o dostopnosti spleti\u0161\u010d in mobilnih aplikacij), saj je obseg vsebine velik. Prav tako je Osrednja knji\u017enica Celje pri oceni nesorazmernega bremena poleg znatnih finan\u010dnih posledic upo\u0161tevala tudi notranjo organizacijo in vrsto dejavnosti, ki jo opravlja, ter postopa skladno z Zakonom o dostopnosti spleti\u0161\u010d in mobilnih aplikacij, ki ravno iz teh razlogov dopu\u0161\u010da navedena odstopanja skladno z oceno o nesorazmernosti in na podlagi Izjave o dostopnosti.<\/p>\n<h2>Deli strani, ki niso prilagojeni za vse<\/h2>\n<p>Dostopnost spletne strani spremljamo in sproti izbolj\u0161ujemo posamezne elemente dostopnosti. Kljub temu nekatere objavljene vsebine ne izpolnjujejo vseh zahtev glede dostopnosti, saj zaradi nesorazmernega bremena prilagoditve ne moremo izvesti. Primeri takih vsebin so:<\/p>\n<ul>\n<li>ve\u010d videovsebin nima podnapisov oz. tekstovnega prepisa,<\/li>\n<li>ve\u010d avdiovsebin nima tekstovnega prepisa.<\/li>\n<\/ul>\n<p>Omogo\u010damo vam, da se lahko s temi dokumenti seznanite na drug na\u010din:<\/p>\n<ul>\n<li>telefonsko: 03 426 17 24,<\/li>\n<li>osebno: Muzejski trg 1 a, 3000 Celje,<\/li>\n<li>preko elektronske po\u0161te <span id=\"cloak995019f628dcd99a250ce8b2cc822cd8\"><a href=\"mailto:info@kamra.si\">info@kamra.si<\/a>.<\/span><\/li>\n<\/ul>\n<p>Dostopnost na\u0161e spletne strani nenehno izbolj\u0161ujemo, da bi zagotovili bolj\u0161o dostopnost.<\/p>\n<p><span style=\"font-size: 16px;\">Ta izjava je bila pripravljena dne 9. 9. 2020 na podlagi samoocene. Posodobljena je bila 28. 7. 2025.<\/span><\/p>\n<h2>Povratne informacije<\/h2>\n<p>Spletni portal KAMRA je v nenehnem razvoju tako na tehni\u010dnem podro\u010dju kot na izbolj\u0161evanju uporabni\u0161ke izku\u0161nje. V primeru te\u017eav z dostopom do informacije ali, \u010de imate predlog izbolj\u0161ave dostopnosti, nam pi\u0161ite na elektronski naslov:\u00a0<span id=\"cloak995019f628dcd99a250ce8b2cc822cd8\"><a href=\"mailto:info@kamra.si\">info@kamra.si<\/a><\/span>.<\/p>\n<p>Na obvestilo ali pro\u0161njo vam bomo odgovorili v osmih dneh od prejema. \u010ce glede na zahtevano vsebino v tem roku ne moremo podati ustreznega odgovora, vam bomo v tem roku sporo\u010dili, kdaj bomo podali odgovor, in zamudo ustrezno utemeljili.<\/p>\n<p>V primeru, da ugotovite odstopanja od dolo\u010dil Zakona o dostopnosti spleti\u0161\u010d in mobilnih aplikacij, lahko podate prijavo in\u0161pektorjem za informacijsko dru\u017ebo po navadni ali elektronski po\u0161ti na naslov:<\/p>\n<p><a href=\"https:\/\/www.gov.si\/drzavni-organi\/organi-v-sestavi\/inspektorat-za-informacijsko-druzbo\/\" target=\"_blank\" rel=\"noopener\"><strong>In\u0161pektorat Republike Slovenije za informacijsko dru\u017ebo<\/strong><\/a><br \/>\nDav\u010dna ulica 1<br \/>\n1000 Ljubljana<br \/>\n01 555 58 48<br \/>\ngp.irsid@gov.si<\/p>\n<p><strong>Zadnja sprememba:<\/strong> 28. 7. 2025<\/p>\n<\/div>\n","protected":false},"excerpt":{"rendered":"<p>Spletni portal KAMRA smo z dnem 9.9.2020 prilagodili tako, da je s pomo\u010djo razli\u010dnih nastavitev prilagoditve dostopen vsem obiskovalcem. Portal smo prilagodili v skladu z\u00a0Zakonom o dostopnosti spleti\u0161\u010d in mobilnih aplikacij (ZDSMA). Stopnja dostopnosti Spletni portal KAMRA je prilagojen za vse naprave (ra\u010dunalnike, tablice in mobilne telefone). Prilagoditev se je izvedla s pomo\u010djo smernic srednjega [&hellip;]<\/p>\n","protected":false},"author":2,"featured_media":0,"parent":0,"menu_order":0,"comment_status":"closed","ping_status":"closed","template":"","meta":{"_acf_changed":false,"footnotes":""},"class_list":["post-721","page","type-page","status-publish","hentry"],"acf":[],"_links":{"self":[{"href":"https:\/\/www.kamra.si\/hu\/wp-json\/wp\/v2\/pages\/721","targetHints":{"allow":["GET"]}}],"collection":[{"href":"https:\/\/www.kamra.si\/hu\/wp-json\/wp\/v2\/pages"}],"about":[{"href":"https:\/\/www.kamra.si\/hu\/wp-json\/wp\/v2\/types\/page"}],"author":[{"embeddable":true,"href":"https:\/\/www.kamra.si\/hu\/wp-json\/wp\/v2\/users\/2"}],"replies":[{"embeddable":true,"href":"https:\/\/www.kamra.si\/hu\/wp-json\/wp\/v2\/comments?post=721"}],"version-history":[{"count":6,"href":"https:\/\/www.kamra.si\/hu\/wp-json\/wp\/v2\/pages\/721\/revisions"}],"predecessor-version":[{"id":399765,"href":"https:\/\/www.kamra.si\/hu\/wp-json\/wp\/v2\/pages\/721\/revisions\/399765"}],"wp:attachment":[{"href":"https:\/\/www.kamra.si\/hu\/wp-json\/wp\/v2\/media?parent=721"}],"curies":[{"name":"wp","href":"https:\/\/api.w.org\/{rel}","templated":true}]}}