{"id":349108,"date":"2021-11-11T08:45:03","date_gmt":"2021-11-11T07:45:03","guid":{"rendered":"https:\/\/www.kamra.si\/?page_id=349108"},"modified":"2022-01-14T09:04:56","modified_gmt":"2022-01-14T08:04:56","slug":"hasznalati-feltetelek","status":"publish","type":"page","link":"https:\/\/www.kamra.si\/hu\/hasznalati-feltetelek\/","title":{"rendered":"Haszn\u00e1lati felt\u00e9telek"},"content":{"rendered":"<div class=\"content item-content\">\n<p>A Kamra port\u00e1l t\u00f6rekedni fog arra, hogy rajta pontos \u00e9s hiteles inform\u00e1ci\u00f3k jelennek meg, de a k\u00f6zz\u00e9tett dokumentumok\u00e9rt \u00e9s inform\u00e1ci\u00f3k\u00e9rt nem garant\u00e1l \u00e9s nem v\u00e1llal semmilyen jogi felel\u0151ss\u00e9get, amely a pontoss\u00e1gra, teljess\u00e9gre vagy b\u00e1rmilyen inform\u00e1ci\u00f3 haszn\u00e1lhat\u00f3s\u00e1g\u00e1ra, term\u00e9k vagy elj\u00e1r\u00e1s le\u00edr\u00e1sara vonatkozik.<\/p>\n<h2>K\u00fcls\u0151 hivatkoz\u00e1sok<\/h2>\n<p>A Kamra egyes internetes oldalai hivatkoz\u00e1sokat mutatnak m\u00e1s honlapokra. A Kamra nem felel\u0151s a k\u00fcls\u0151 internetes oldalak rendelkez\u00e9sre \u00e1ll\u00e1s\u00e1r\u00f3l, \u00e9s nem garant\u00e1lja a term\u00e9kek, szolg\u00e1ltat\u00e1sok, inform\u00e1ci\u00f3k k\u00edn\u00e1lat\u00e1t ezeken a weboldalon.<\/p>\n<h2>A szem\u00e9lyes adatok v\u00e9delme<\/h2>\n<p>Kamra tiszteletben tartja a felhaszn\u00e1l\u00f3k mag\u00e1n\u00e9let\u00e9t \u00e9s csak azokat az adatokat gy\u0171jti, amelyeket a felhaszn\u00e1l\u00f3k \u00f6nk\u00e9nt mell\u00e9klik. Ezeket az adatokat csak az\u00e9rt fogjuk haszn\u00e1lni, hogy jav\u00edtsuk a port\u00e1l min\u0151s\u00e9g\u00e9t, \u00e9s nem k\u00f6z\u00f6lj\u00fck harmadik f\u00e9lnek a felhaszn\u00e1l\u00f3 hozz\u00e1j\u00e1rul\u00e1sa n\u00e9lk\u00fcl.<\/p>\n<h2>Szerz\u0151i jogok<\/h2>\n<p>A Kamra fel\u00f6leli azokat az anyagokat, amelyek a szerz\u0151i jogi oltalom alatt vannak. A felhaszn\u00e1l\u00f3kt\u00f3l, amelyek reproduk\u00e1lj\u00e1k vagy terjesztik ezeket az anyagot, elv\u00e1rjuk, hogy betartj\u00e1k a felt\u00e9teleket \u00e9s k\u00f6telezetts\u00e9geket, amelyeket megk\u00f6vetelik a szerz\u0151k, illetve a szerz\u0151i jogok tulajdonosai. A Kamra tartalma haszn\u00e1lata eset\u00e9n sz\u00fcks\u00e9ges a Kamr\u00e1t mint forr\u00e1st id\u00e9zni.<\/p>\n<h2>Tulajdonosi \u00e9s szerz\u0151i jog a port\u00e1l \u00e9s a tartalom<\/h2>\n<p>A Kamra partnerei a szerz\u0151i jogok tulajdonosai a Kamra port\u00e1l alkalmaz\u00e1s\u00e1n\u00e1l. A bejegyz\u00e9s szerz\u0151je \u00e1lland\u00f3an beker\u00fcl a Kamra adatb\u00e1zis\u00e1ba.<\/p>\n<\/div>\n","protected":false},"excerpt":{"rendered":"<p>A Kamra port\u00e1l t\u00f6rekedni fog arra, hogy rajta pontos \u00e9s hiteles inform\u00e1ci\u00f3k jelennek meg, de a k\u00f6zz\u00e9tett dokumentumok\u00e9rt \u00e9s inform\u00e1ci\u00f3k\u00e9rt nem garant\u00e1l \u00e9s nem v\u00e1llal semmilyen jogi felel\u0151ss\u00e9get, amely a pontoss\u00e1gra, teljess\u00e9gre vagy b\u00e1rmilyen inform\u00e1ci\u00f3 haszn\u00e1lhat\u00f3s\u00e1g\u00e1ra, term\u00e9k vagy elj\u00e1r\u00e1s le\u00edr\u00e1sara vonatkozik. K\u00fcls\u0151 hivatkoz\u00e1sok A Kamra egyes internetes oldalai hivatkoz\u00e1sokat mutatnak m\u00e1s honlapokra. A Kamra nem [&hellip;]<\/p>\n","protected":false},"author":2,"featured_media":0,"parent":0,"menu_order":0,"comment_status":"closed","ping_status":"closed","template":"","meta":{"_acf_changed":false,"footnotes":""},"class_list":["post-349108","page","type-page","status-publish","hentry"],"acf":[],"_links":{"self":[{"href":"https:\/\/www.kamra.si\/hu\/wp-json\/wp\/v2\/pages\/349108","targetHints":{"allow":["GET"]}}],"collection":[{"href":"https:\/\/www.kamra.si\/hu\/wp-json\/wp\/v2\/pages"}],"about":[{"href":"https:\/\/www.kamra.si\/hu\/wp-json\/wp\/v2\/types\/page"}],"author":[{"embeddable":true,"href":"https:\/\/www.kamra.si\/hu\/wp-json\/wp\/v2\/users\/2"}],"replies":[{"embeddable":true,"href":"https:\/\/www.kamra.si\/hu\/wp-json\/wp\/v2\/comments?post=349108"}],"version-history":[{"count":1,"href":"https:\/\/www.kamra.si\/hu\/wp-json\/wp\/v2\/pages\/349108\/revisions"}],"predecessor-version":[{"id":349109,"href":"https:\/\/www.kamra.si\/hu\/wp-json\/wp\/v2\/pages\/349108\/revisions\/349109"}],"wp:attachment":[{"href":"https:\/\/www.kamra.si\/hu\/wp-json\/wp\/v2\/media?parent=349108"}],"curies":[{"name":"wp","href":"https:\/\/api.w.org\/{rel}","templated":true}]}}