{"id":29539,"date":"2021-11-11T08:44:54","date_gmt":"2021-11-11T07:44:54","guid":{"rendered":"https:\/\/www.kamra.si\/?page_id=29539"},"modified":"2022-01-24T12:25:25","modified_gmt":"2022-01-24T11:25:25","slug":"a-kamra-ismertetese","status":"publish","type":"page","link":"https:\/\/www.kamra.si\/hu\/a-kamra-ismertetese\/","title":{"rendered":"A Kamra ismertet\u00e9se"},"content":{"rendered":"\t\t<div data-elementor-type=\"wp-page\" data-elementor-id=\"29539\" class=\"elementor elementor-29539 elementor-717\" data-elementor-post-type=\"page\">\n\t\t\t\t\t\t<section class=\"elementor-section elementor-top-section elementor-element elementor-element-6763e5a3 elementor-section-boxed elementor-section-height-default elementor-section-height-default\" data-id=\"6763e5a3\" data-element_type=\"section\" data-e-type=\"section\">\n\t\t\t\t\t\t<div class=\"elementor-container elementor-column-gap-default\">\n\t\t\t\t\t<div class=\"elementor-column elementor-col-100 elementor-top-column elementor-element elementor-element-1f0cd735\" data-id=\"1f0cd735\" data-element_type=\"column\" data-e-type=\"column\">\n\t\t\t<div class=\"elementor-widget-wrap elementor-element-populated\">\n\t\t\t\t\t\t<div class=\"elementor-element elementor-element-3670fd11 elementor-widget elementor-widget-text-editor\" data-id=\"3670fd11\" data-element_type=\"widget\" data-e-type=\"widget\" data-widget_type=\"text-editor.default\">\n\t\t\t\t<div class=\"elementor-widget-container\">\n\t\t\t\t\t\t\t\t\t<p>A region\u00e1lis Kamra port\u00e1l egy weboldal, amely \u00f6sszehozza a helyt\u00f6rt\u00e9net ter\u00fclet\u00e9n digitaliz\u00e1lt tartalmakat a k\u00f6nyvt\u00e1rak \u00e9s m\u00e1s helyi kultur\u00e1lis int\u00e9zm\u00e9nyek k\u00f6z\u00f6tt. A digitaliz\u00e1lt tartalom el\u00e9rhet\u0151 egy oldalon, l\u00e9trehozott pedig azokban a szervezetekben, amelyek az egyes ter\u00fcleteken legkompetensebbek. A Kamra az infrastrukt\u00fara szabad haszn\u00e1lat\u00e1t adja a szervezetek haszn\u00e1lat\u00e1ba \u00e9s \u00faj partnereket k\u00e9pez ki, amelyek fontos helyi tartalmakat digit\u00e1lis form\u00e1ban az interneten kereszt\u00fcl mutatnak be.<\/p><p>A Kamra tartalma mint t\u00f6rt\u00e9netek vann bemutatva, k\u00eds\u00e9r\u0151 sz\u00f6vegekkel, kapcsol\u00f3d\u00f3 digitaliz\u00e1lt objektumokkal \u00e9s metaadatokkal. A Kamr\u00e1n t\u00f6rt\u00e9neteket ismer\u00fcnk meg, mint p\u00e9ld\u00e1ul: a helyi szerz\u0151k \u00e9s h\u00edres emberek bemutat\u00e1sa, dokumentumok \u00e9s f\u00e9nyk\u00e9pek a tipikus helyi egyes\u00fcletekr\u0151l, k\u00e9peslapok k\u00fcl\u00f6nb\u00f6z\u0151 id\u0151szakokb\u00f3l, a helyi m\u0171v\u00e9szek munk\u00e1i, \u00e9letrajzai, ki\u00e1ll\u00edt\u00e1sok katal\u00f3gusai, h\u00edres \u00e9p\u00fcletek \u00e9s m\u00e9g sok m\u00e1s.<\/p><p>A felhaszn\u00e1l\u00f3k hozz\u00e1f\u00e9rhetnek most azokhoz a tartalmakhoz, amelyek eddig rejtve voltak a k\u00f6nyvt\u00e1rakban, lev\u00e9lt\u00e1rakban, m\u00fazeumokban, egyes\u00fcletek arch\u00edvumaiban vagy iskol\u00e1kban. A felhaszn\u00e1l\u00f3k a gy\u0171jtem\u00e9nyekhez hozz\u00e1 is sz\u00f3lhatnak.<\/p><p>A Kamr\u00e1t a Celjei k\u00f6zponti k\u00f6nyvt\u00e1r kezeli, szoros egy\u00fcttm\u0171k\u00f6d\u00e9sben a k\u00f6zponti region\u00e1lis k\u00f6nyvt\u00e1rakkal \u00e9s a k\u00f6zk\u00f6nyvt\u00e1rak egyes\u00fclet\u00e9vel.<\/p><p>A Kamra tartalma 2010 m\u00e1rcius\u00e1t\u00f3l el\u00e9rhet\u0151 az eur\u00f3pai digit\u00e1lis k\u00f6nyvt\u00e1r, Europeana kereszt\u00fcl is:\u00a0<a href=\"http:\/\/europeana.eu\/\" target=\"_blank\" rel=\"noopener\">http:\/\/europeana.eu<\/a>.<\/p><h2>Hozz\u00e1j\u00e1rul\u00e1s tartalommal<\/h2><p>Az a szervezet vagy egy\u00e9n, aki szeretn\u00e9 k\u00f6zz\u00e9tenni saj\u00e1t kollekci\u00f3j\u00e1t a Kamr\u00e1ra, k\u00f6vesse az al\u00e1bbi l\u00e9p\u00e9seket:<\/p><ol><li>A n\u00e9vjegyek list\u00e1j\u00e1ban keresse meg a szerkeszt\u0151t abb\u00f3l a r\u00e9gi\u00f3b\u00f3l, ahol \u00e9l.<\/li><li>A region\u00e1lis szerkeszt\u0151 egy\u00fcttm\u0171k\u00f6dik \u00d6nnel, amikor megvizsg\u00e1lja az anyagot \u00e9s meg\u00e1llap\u00edtja, hogy alkalmas-e a Kamr\u00e1ra. Ha az anyag m\u00e9g nincs digitaliz\u00e1lva, megmutatja, hogyan kell digitaliz\u00e1lni. Tal\u00e1n a k\u00f6nyvt\u00e1rban is tudj\u00e1k majd ezt digitaliz\u00e1lni.<\/li><li>K\u00e9sz\u00edtsen el\u0151 egy sz\u00f6veget, amely alapot k\u00e9pez a t\u00f6rt\u00e9netr\u0151l \u00e9s a multim\u00e9diai elemeket metaadatokkal.<\/li><li>Al\u00e1\u00edrja a\u00a0<a href=\"\/wp-content\/uploads\/kamra-custom\/documents\/Dogovor_o_sodelovanju_Kamra.doc\">\u00bbMeg\u00e1llapod\u00e1s a tartalmak integr\u00e1ci\u00f3ja a Kamra port\u00e1lra\u00ab<\/a>\u00a0a Celjei K\u00f6zponti K\u00f6nyvt\u00e1rral.<\/li><li>A region\u00e1lis szerkeszt\u0151 szervez egy k\u00e9pz\u00e9st az adatbevitelr\u0151l. El is lehet rendezni, hogy az \u00d6n sz\u00e1m\u00e1ra a tartalmat beviszi a k\u00f6nyvt\u00e1r. A szerkeszt\u0151 kijel\u00f6l sz\u00e1m\u00e1ra egy jelsz\u00f3t, amelyel hozz\u00e1f\u00e9rhet az adminisztr\u00e1ci\u00f3hoz.<\/li><\/ol>\t\t\t\t\t\t\t\t<\/div>\n\t\t\t\t<\/div>\n\t\t\t\t\t<\/div>\n\t\t<\/div>\n\t\t\t\t\t<\/div>\n\t\t<\/section>\n\t\t\t\t<\/div>\n\t\t","protected":false},"excerpt":{"rendered":"<p>A region\u00e1lis Kamra port\u00e1l egy weboldal, amely \u00f6sszehozza a helyt\u00f6rt\u00e9net ter\u00fclet\u00e9n digitaliz\u00e1lt tartalmakat a k\u00f6nyvt\u00e1rak \u00e9s m\u00e1s helyi kultur\u00e1lis int\u00e9zm\u00e9nyek k\u00f6z\u00f6tt. A digitaliz\u00e1lt tartalom el\u00e9rhet\u0151 egy oldalon, l\u00e9trehozott pedig azokban a szervezetekben, amelyek az egyes ter\u00fcleteken legkompetensebbek. A Kamra az infrastrukt\u00fara szabad haszn\u00e1lat\u00e1t adja a szervezetek haszn\u00e1lat\u00e1ba \u00e9s \u00faj partnereket k\u00e9pez ki, amelyek fontos helyi [&hellip;]<\/p>\n","protected":false},"author":2,"featured_media":0,"parent":0,"menu_order":0,"comment_status":"closed","ping_status":"closed","template":"","meta":{"_acf_changed":false,"footnotes":""},"class_list":["post-29539","page","type-page","status-publish","hentry"],"acf":[],"_links":{"self":[{"href":"https:\/\/www.kamra.si\/hu\/wp-json\/wp\/v2\/pages\/29539","targetHints":{"allow":["GET"]}}],"collection":[{"href":"https:\/\/www.kamra.si\/hu\/wp-json\/wp\/v2\/pages"}],"about":[{"href":"https:\/\/www.kamra.si\/hu\/wp-json\/wp\/v2\/types\/page"}],"author":[{"embeddable":true,"href":"https:\/\/www.kamra.si\/hu\/wp-json\/wp\/v2\/users\/2"}],"replies":[{"embeddable":true,"href":"https:\/\/www.kamra.si\/hu\/wp-json\/wp\/v2\/comments?post=29539"}],"version-history":[{"count":8,"href":"https:\/\/www.kamra.si\/hu\/wp-json\/wp\/v2\/pages\/29539\/revisions"}],"predecessor-version":[{"id":349609,"href":"https:\/\/www.kamra.si\/hu\/wp-json\/wp\/v2\/pages\/29539\/revisions\/349609"}],"wp:attachment":[{"href":"https:\/\/www.kamra.si\/hu\/wp-json\/wp\/v2\/media?parent=29539"}],"curies":[{"name":"wp","href":"https:\/\/api.w.org\/{rel}","templated":true}]}}