{"id":349485,"date":"2022-01-21T12:52:51","date_gmt":"2022-01-21T11:52:51","guid":{"rendered":"https:\/\/www.kamra.si\/?page_id=349485"},"modified":"2022-01-21T13:07:50","modified_gmt":"2022-01-21T12:07:50","slug":"o-piskotkih","status":"publish","type":"page","link":"https:\/\/www.kamra.si\/en\/o-piskotkih\/","title":{"rendered":"O pi\u0161kotkih"},"content":{"rendered":"<p>Pi\u0161kotki so male besedilne datoteke, ki jih ve\u010dina spletnih mest shrani v naprave uporabnikov s katerimi dostopajo do interneta z namenom prepoznavanja posameznih naprav, ki so jih uporabniki uporabili pri dostopu. Njihovo shranjevanje je pod popolnim nadzorom brskalnika, ki ga uporablja uporabnik \u2013 ta lahko shranjevanje pi\u0161kotkov po \u017eelji omeji ali onemogo\u010di.<\/p>\n<p><strong>Zakaj so pi\u0161kotki potrebni?<\/strong><\/p>\n<p>Pi\u0161kotki so temeljnega pomena za zagotavljanje uporabniku prijaznih spletnih storitev. Najpogostej\u0161e funkcije e-poslovanja ne bi bile mogo\u010de brez pi\u0161kotkov. Interakcija med spletnim uporabnikom in spletno stranjo je s pomo\u010djo pi\u0161kotkov hitrej\u0161a in enostavnej\u0161a. Z njihovo pomo\u010djo si spletna stran zapomni posameznikove preference in izku\u0161nje, s tem je prihranjen \u010das, brskanje po spletnih straneh pa je s tem bolj u\u010dinkovito in prijetno.<\/p>\n<p>Pi\u0161kotke uporablja ve\u010dina spletnih strani, so priro\u010dno sredstvo za ohranjanje sve\u017ee in primerne vsebine, ki je v skladu z interesi in preferencami posameznega spletnega uporabnika. Razlogov za uporabo pi\u0161kotkov je tako ve\u010d, kot prvi gotovo njihova lastnost shranjevanja podatkov o stanju posamezne spletne strani (podrobnosti o prilagoditvah posamezne spletne strani), pomagajo pri izvajanju raznih spletnih storitev (spletne trgovine), pomagajo pri zbiranju raznih statistik, o navadah spletnega uporabnika \u2013 saj se le z njimi lahko spremlja pogostost obiskovanja dolo\u010dene spletne strani. Podjetja lahko s pomo\u010djo pi\u0161kotkov ocenijo u\u010dinkovitost zasnove svojih spletnih strani, kot tudi ustreznost vrste in \u0161tevila oglasov, ki jih ponujajo uporabnikom na svojih spletnih straneh.<\/p>\n<p><strong>Katere pi\u0161kotke uporablja spletni portal kamra.si?<\/strong><\/p>\n<p><strong>Lastni pi\u0161kotki<\/strong><\/p>\n<table style=\"font-size:0.9em;\">\n<thead>\n<tr>\n<td><strong><em>Pi\u0161kotek<\/em><\/strong><\/td>\n<td><strong><em>Namen pi\u0161kotka<\/em><\/strong><\/td>\n<td><strong><em>Trajanje<\/em><\/strong><\/td>\n<td><strong><em>Upravljalec<\/em><\/strong><\/td>\n<\/tr>\n<\/thead>\n<tbody>\n<tr>\n<td><em>id seje<\/em><\/td>\n<td>za prijavo uporabnika<\/td>\n<td>do zaprtja brskalnika<\/td>\n<td>Portal KAMRA, Osrednja knji\u017enica Celje<\/td>\n<\/tr>\n<tr>\n<td>KAMRA_SESSION<\/td>\n<td>trenutno \u0161tevilo obiskovalcev na spletni strani<\/td>\n<td>do zaprtja brskalnika<\/td>\n<td>Portal KAMRA, Osrednja knji\u017enica Celje<\/td>\n<\/tr>\n<tr>\n<td>kamra_region<\/td>\n<td>trenutno izbrana regija obiskovalca<\/td>\n<td>do zaprtja brskalnika<\/td>\n<td>Portal KAMRA, Osrednja knji\u017enica Celje<\/td>\n<\/tr>\n<tr>\n<td>wp-wpml_current_language<\/td>\n<td>trenutno izbran jezik strani obiskovalca<\/td>\n<td>1 dan<\/td>\n<td>Portal KAMRA, Osrednja knji\u017enica Celje<\/td>\n<\/tr>\n<tr>\n<td>moove_gdpr_popup<\/td>\n<td>hranitev informacije o nastavitvah pi\u0161kotkov<\/td>\n<td>1 leto<\/td>\n<td>Portal KAMRA, Osrednja knji\u017enica Celje<\/td>\n<\/tr>\n<\/tbody>\n<\/table>\n<p><strong>\u00a0<\/strong><strong>Tretjeosebni pi\u0161kotki<\/strong><\/p>\n<table style=\"font-size:0.9em;\">\n<thead>\n<tr>\n<td><strong><em>Pi\u0161kotek<\/em><\/strong><\/td>\n<td><strong><em>Namen pi\u0161kotka<\/em><\/strong><\/td>\n<td><strong><em>Trajanje<\/em><\/strong><\/td>\n<td><strong><em>Upravljalec<\/em><\/strong><\/td>\n<\/tr>\n<\/thead>\n<tbody>\n<tr>\n<td>_ga<\/td>\n<td>vodenje statistike obiska<\/td>\n<td>2 leti<\/td>\n<td>Google<\/td>\n<\/tr>\n<tr>\n<td>_ga_<em>id_strani<\/em><\/td>\n<td>vodenje statistike obiska<\/td>\n<td>2 leti<\/td>\n<td>Google<\/td>\n<\/tr>\n<\/tbody>\n<\/table>\n<p><strong>Google.com \u2013 Google Analytics<\/strong> pi\u0161kotki so uporabljeni za spremljanje obiska spletne strani, za spremljanje prodaje in spremljanje drugih navad obiskovalcev, ki se ka\u017eejo na na\u0161i strani. Google Analytics je Googlovo orodje za spletne analiti\u010dne podatke, ki ga uporabljamo za bolj\u0161e razumevanje, kako obiskovalci uporabljajo na\u0161e spletno mesto. Ve\u010d informacij na spletni stani <a href=\"https:\/\/policies.google.com\/technologies\/cookies\">https:\/\/policies.google.com\/technologies\/cookies<\/a>.<\/p>\n","protected":false},"excerpt":{"rendered":"<p>Pi\u0161kotki so male besedilne datoteke, ki jih ve\u010dina spletnih mest shrani v naprave uporabnikov s katerimi dostopajo do interneta z namenom prepoznavanja posameznih naprav, ki so jih uporabniki uporabili pri dostopu. Njihovo shranjevanje je pod popolnim nadzorom brskalnika, ki ga uporablja uporabnik \u2013 ta lahko shranjevanje pi\u0161kotkov po \u017eelji omeji ali onemogo\u010di. Zakaj so pi\u0161kotki [&hellip;]<\/p>\n","protected":false},"author":2,"featured_media":0,"parent":0,"menu_order":0,"comment_status":"closed","ping_status":"closed","template":"","meta":{"_acf_changed":false,"footnotes":""},"class_list":["post-349485","page","type-page","status-publish","hentry"],"acf":[],"_links":{"self":[{"href":"https:\/\/www.kamra.si\/en\/wp-json\/wp\/v2\/pages\/349485","targetHints":{"allow":["GET"]}}],"collection":[{"href":"https:\/\/www.kamra.si\/en\/wp-json\/wp\/v2\/pages"}],"about":[{"href":"https:\/\/www.kamra.si\/en\/wp-json\/wp\/v2\/types\/page"}],"author":[{"embeddable":true,"href":"https:\/\/www.kamra.si\/en\/wp-json\/wp\/v2\/users\/2"}],"replies":[{"embeddable":true,"href":"https:\/\/www.kamra.si\/en\/wp-json\/wp\/v2\/comments?post=349485"}],"version-history":[{"count":6,"href":"https:\/\/www.kamra.si\/en\/wp-json\/wp\/v2\/pages\/349485\/revisions"}],"predecessor-version":[{"id":349491,"href":"https:\/\/www.kamra.si\/en\/wp-json\/wp\/v2\/pages\/349485\/revisions\/349491"}],"wp:attachment":[{"href":"https:\/\/www.kamra.si\/en\/wp-json\/wp\/v2\/media?parent=349485"}],"curies":[{"name":"wp","href":"https:\/\/api.w.org\/{rel}","templated":true}]}}